{"id":23,"date":"2024-12-13T14:39:52","date_gmt":"2024-12-13T13:39:52","guid":{"rendered":"https:\/\/beat-drop.com\/?page_id=23"},"modified":"2026-04-15T11:33:20","modified_gmt":"2026-04-15T09:33:20","slug":"kontakt","status":"publish","type":"page","link":"https:\/\/beat-drop.com\/en\/kontakt\/","title":{"rendered":"Contact"},"content":{"rendered":"<div data-elementor-type=\"wp-page\" data-elementor-id=\"23\" class=\"elementor elementor-23\">\n\t\t\t\t<div class=\"elementor-element elementor-element-59afc132 e-flex e-con-boxed e-con e-parent\" data-id=\"59afc132\" data-element_type=\"container\" data-e-type=\"container\" data-settings=\"{&quot;background_background&quot;:&quot;classic&quot;}\">\n\t\t\t\t\t<div class=\"e-con-inner\">\n\t\t\t\t\t<\/div>\n\t\t\t\t<\/div>\n\t\t<div class=\"elementor-element elementor-element-a633f89 rn-section-gap e-flex e-con-boxed e-con e-parent\" data-id=\"a633f89\" data-element_type=\"container\" data-e-type=\"container\">\n\t\t\t\t\t<div class=\"e-con-inner\">\n\t\t\t\t<div class=\"elementor-element elementor-element-d104ba1 elementor-widget elementor-widget-wildsea-contact\" data-id=\"d104ba1\" data-element_type=\"widget\" data-e-type=\"widget\" data-widget_type=\"wildsea-contact.default\">\n\t\t\t\t<div class=\"elementor-widget-container\">\n\t\t\t\t\t        <!-- Start Contact Area  -->\r\n        <div class=\"rn-contact-area rn-section-gappp\">\r\n            <div class=\"contact-form--1\">\r\n                <div class=\"container\">\r\n                    <div class=\"row row--35 align-items-start\">\r\n                        <div class=\"col-lg-6 order-2 order-lg-1\">\r\n                            <!-- Start Contact Form -->\r\n                                                            <div class=\"form-wrapper\">\r\n                                    \n<div class=\"wpcf7 no-js\" id=\"wpcf7-f213-o1\" lang=\"de-DE\" dir=\"ltr\" data-wpcf7-id=\"213\">\n<div class=\"screen-reader-response\"><p role=\"status\" aria-live=\"polite\" aria-atomic=\"true\"><\/p> <ul><\/ul><\/div>\n<form action=\"\/en\/wp-json\/wp\/v2\/pages\/23#wpcf7-f213-o1\" method=\"post\" class=\"wpcf7-form init wpcf7-acceptance-as-validation\" aria-label=\"Kontaktformular\" novalidate=\"novalidate\" data-status=\"init\" data-trp-original-action=\"\/en\/wp-json\/wp\/v2\/pages\/23#wpcf7-f213-o1\">\n<fieldset class=\"hidden-fields-container\"><input type=\"hidden\" name=\"_wpcf7\" value=\"213\" \/><input type=\"hidden\" name=\"_wpcf7_version\" value=\"6.1.5\" \/><input type=\"hidden\" name=\"_wpcf7_locale\" value=\"de_DE\" \/><input type=\"hidden\" name=\"_wpcf7_unit_tag\" value=\"wpcf7-f213-o1\" \/><input type=\"hidden\" name=\"_wpcf7_container_post\" value=\"0\" \/><input type=\"hidden\" name=\"_wpcf7_posted_data_hash\" value=\"\" \/>\n<\/fieldset>\n<label> Your Name\n    <span class=\"wpcf7-form-control-wrap\" data-name=\"your-name\"><input size=\"40\" maxlength=\"400\" class=\"wpcf7-form-control wpcf7-text wpcf7-validates-as-required\" autocomplete=\"name\" aria-required=\"true\" aria-invalid=\"false\" placeholder=\"Your Name\" value=\"\" type=\"text\" name=\"your-name\" \/><\/span> <\/label>\n\n<label> Your email address\n    <span class=\"wpcf7-form-control-wrap\" data-name=\"your-email\"><input size=\"40\" maxlength=\"400\" class=\"wpcf7-form-control wpcf7-email wpcf7-validates-as-required wpcf7-text wpcf7-validates-as-email\" autocomplete=\"email\" aria-required=\"true\" aria-invalid=\"false\" placeholder=\"Your email address\" value=\"\" type=\"email\" name=\"your-email\" \/><\/span> <\/label>\n\n<label> Subject\n    <span class=\"wpcf7-form-control-wrap\" data-name=\"your-subject\"><input size=\"40\" maxlength=\"400\" class=\"wpcf7-form-control wpcf7-text wpcf7-validates-as-required\" aria-required=\"true\" aria-invalid=\"false\" placeholder=\"Subject\" value=\"\" type=\"text\" name=\"your-subject\" \/><\/span> <\/label>\n\n<label> Your message\n    <span class=\"wpcf7-form-control-wrap\" data-name=\"your-message\"><textarea cols=\"40\" rows=\"10\" maxlength=\"2000\" class=\"wpcf7-form-control wpcf7-textarea\" aria-invalid=\"false\" placeholder=\"Your message\" name=\"your-message\"><\/textarea><\/span> <\/label>\n\n<span class=\"wpcf7-form-control-wrap\" data-name=\"math-quiz\"><label><span class=\"wpcf7-quiz-label\">5+11=?<\/span> <input size=\"40\" class=\"wpcf7-form-control wpcf7-quiz\" autocomplete=\"off\" aria-required=\"true\" aria-invalid=\"false\" type=\"text\" name=\"math-quiz\" \/><\/label><input type=\"hidden\" name=\"_wpcf7_quiz_answer_math-quiz\" value=\"9d5eb9345b35760c24f14133fd50a788\" \/><\/span>\n\n<span class=\"wpcf7-form-control-wrap\" data-name=\"accept-dsgvo\"><span class=\"wpcf7-form-control wpcf7-acceptance\"><span class=\"wpcf7-list-item\"><label><input type=\"checkbox\" name=\"accept-dsgvo\" value=\"1\" aria-invalid=\"false\" \/><span class=\"wpcf7-list-item-label\">I consent to this website storing the information I have submitted so that my inquiry can be answered.<\/span><\/label><\/span><\/span><\/span>\n\n<input class=\"wpcf7-form-control wpcf7-submit has-spinner\" type=\"submit\" value=\"Send\" \/><div class=\"wpcf7-response-output\" aria-hidden=\"true\"><\/div>\n<input type=\"hidden\" name=\"trp-form-language\" value=\"en\"\/><\/form>\n<\/div>\n                                <\/div>\r\n                                                    <\/div>\r\n                        <div class=\"col-lg-6 order-1 order-lg-2\">\r\n                            <div class=\"section-title text-left mb--50 mb_sm--30 mb_md--30\">\r\n                                                <h2 class=\"title rbt-section-title\"><span>Contact<\/span><\/h2>                    <p>Beat Drop GmbH<br>\nKnaackstra\u00dfe 5<br>\n10405 Berlin<br>\n<br>\nE-Mail: info@beat-drop.com\n<\/p>\r\n                                    <\/div>\r\n                        <\/div>\r\n                    <\/div>\r\n                <\/div>\r\n            <\/div>\r\n        <\/div>\r\n        <!-- End Contact Area  -->\r\n\t\t\t\t<\/div>\n\t\t\t\t<\/div>\n\t\t\t\t\t<\/div>\n\t\t\t\t<\/div>\n\t\t<div class=\"elementor-element elementor-element-5532f09 pt--80 pb--80 bg_color--5 e-flex e-con-boxed e-con e-parent\" data-id=\"5532f09\" data-element_type=\"container\" data-e-type=\"container\">\n\t\t\t\t\t<div class=\"e-con-inner\">\n\t\t<div class=\"elementor-element elementor-element-661908f e-con-full e-flex e-con e-child\" data-id=\"661908f\" data-element_type=\"container\" data-e-type=\"container\">\n\t\t\t\t<div class=\"elementor-element elementor-element-13b101d elementor-widget elementor-widget-imroz-team\" data-id=\"13b101d\" data-element_type=\"widget\" data-e-type=\"widget\" data-widget_type=\"imroz-team.default\">\n\t\t\t\t<div class=\"elementor-widget-container\">\n\t\t\t\t\t            <div class=\"team-static\">\n                                    <div class=\"thumbnail\">\n                        <img fetchpriority=\"high\" decoding=\"async\" width=\"640\" height=\"640\" src=\"https:\/\/beat-drop.com\/wp-content\/uploads\/2026\/03\/timo-krueger-circle.png\" class=\"elementor-animation-disable-animation attachment-large size-large wp-image-1091\" alt=\"\" srcset=\"https:\/\/beat-drop.com\/wp-content\/uploads\/2026\/03\/timo-krueger-circle.png 1024w, https:\/\/beat-drop.com\/wp-content\/uploads\/2026\/03\/timo-krueger-circle-300x300.png 300w, https:\/\/beat-drop.com\/wp-content\/uploads\/2026\/03\/timo-krueger-circle-150x150.png 150w, https:\/\/beat-drop.com\/wp-content\/uploads\/2026\/03\/timo-krueger-circle-768x768.png 768w, https:\/\/beat-drop.com\/wp-content\/uploads\/2026\/03\/timo-krueger-circle-12x12.png 12w\" sizes=\"(max-width: 640px) 100vw, 640px\" \/>                    <\/div>\n                                <div class=\"inner\">\n                    <div class=\"content\">\n                        <h4 class=\"title\">Dr. Timo Kr\u00fcger<\/h4>\n                                                    <p class=\"designation\">Chief Executive Officer<\/p>\n                                            <\/div>\n                                    <\/div>\n            <\/div>\n        \t\t\t\t<\/div>\n\t\t\t\t<\/div>\n\t\t\t\t<\/div>\n\t\t<div class=\"elementor-element elementor-element-d7f2bc6 e-con-full e-flex e-con e-child\" data-id=\"d7f2bc6\" data-element_type=\"container\" data-e-type=\"container\">\n\t\t\t\t<div class=\"elementor-element elementor-element-4d9474a elementor-widget elementor-widget-imroz-team\" data-id=\"4d9474a\" data-element_type=\"widget\" data-e-type=\"widget\" data-widget_type=\"imroz-team.default\">\n\t\t\t\t<div class=\"elementor-widget-container\">\n\t\t\t\t\t            <div class=\"team-static\">\n                                    <div class=\"thumbnail\">\n                        <img decoding=\"async\" width=\"640\" height=\"640\" src=\"https:\/\/beat-drop.com\/wp-content\/uploads\/2026\/03\/juliana-obynochnaya-circle.png\" class=\"elementor-animation-disable-animation attachment-large size-large wp-image-1092\" alt=\"\" srcset=\"https:\/\/beat-drop.com\/wp-content\/uploads\/2026\/03\/juliana-obynochnaya-circle.png 1024w, https:\/\/beat-drop.com\/wp-content\/uploads\/2026\/03\/juliana-obynochnaya-circle-300x300.png 300w, https:\/\/beat-drop.com\/wp-content\/uploads\/2026\/03\/juliana-obynochnaya-circle-150x150.png 150w, https:\/\/beat-drop.com\/wp-content\/uploads\/2026\/03\/juliana-obynochnaya-circle-768x768.png 768w, https:\/\/beat-drop.com\/wp-content\/uploads\/2026\/03\/juliana-obynochnaya-circle-12x12.png 12w\" sizes=\"(max-width: 640px) 100vw, 640px\" \/>                    <\/div>\n                                <div class=\"inner\">\n                    <div class=\"content\">\n                        <h4 class=\"title\">Juliana Obynochnaya<\/h4>\n                                                    <p class=\"designation\">Management Coordinator and Marketing<\/p>\n                                            <\/div>\n                                    <\/div>\n            <\/div>\n        \t\t\t\t<\/div>\n\t\t\t\t<\/div>\n\t\t\t\t<\/div>\n\t\t<div class=\"elementor-element elementor-element-e5d9e49 e-con-full e-flex e-con e-child\" data-id=\"e5d9e49\" data-element_type=\"container\" data-e-type=\"container\">\n\t\t\t\t<div class=\"elementor-element elementor-element-01f92e3 elementor-widget elementor-widget-imroz-team\" data-id=\"01f92e3\" data-element_type=\"widget\" data-e-type=\"widget\" data-widget_type=\"imroz-team.default\">\n\t\t\t\t<div class=\"elementor-widget-container\">\n\t\t\t\t\t            <div class=\"team-static\">\n                                    <div class=\"thumbnail\">\n                        <img decoding=\"async\" width=\"640\" height=\"640\" src=\"https:\/\/beat-drop.com\/wp-content\/uploads\/2026\/03\/tayfun-sen-circle.png\" class=\"elementor-animation-disable-animation attachment-large size-large wp-image-1095\" alt=\"\" srcset=\"https:\/\/beat-drop.com\/wp-content\/uploads\/2026\/03\/tayfun-sen-circle.png 1024w, https:\/\/beat-drop.com\/wp-content\/uploads\/2026\/03\/tayfun-sen-circle-300x300.png 300w, https:\/\/beat-drop.com\/wp-content\/uploads\/2026\/03\/tayfun-sen-circle-150x150.png 150w, https:\/\/beat-drop.com\/wp-content\/uploads\/2026\/03\/tayfun-sen-circle-768x768.png 768w, https:\/\/beat-drop.com\/wp-content\/uploads\/2026\/03\/tayfun-sen-circle-12x12.png 12w\" sizes=\"(max-width: 640px) 100vw, 640px\" \/>                    <\/div>\n                                <div class=\"inner\">\n                    <div class=\"content\">\n                        <h4 class=\"title\">Tayfun Sen<\/h4>\n                                                    <p class=\"designation\">Chief Operational Officer<\/p>\n                                            <\/div>\n                                    <\/div>\n            <\/div>\n        \t\t\t\t<\/div>\n\t\t\t\t<\/div>\n\t\t\t\t<\/div>\n\t\t<div class=\"elementor-element elementor-element-9166a41 e-con-full e-flex e-con e-child\" data-id=\"9166a41\" data-element_type=\"container\" data-e-type=\"container\">\n\t\t\t\t<div class=\"elementor-element elementor-element-ab6e0ef elementor-widget elementor-widget-imroz-team\" data-id=\"ab6e0ef\" data-element_type=\"widget\" data-e-type=\"widget\" data-widget_type=\"imroz-team.default\">\n\t\t\t\t<div class=\"elementor-widget-container\">\n\t\t\t\t\t            <div class=\"team-static\">\n                                    <div class=\"thumbnail\">\n                        <img loading=\"lazy\" decoding=\"async\" width=\"640\" height=\"640\" src=\"https:\/\/beat-drop.com\/wp-content\/uploads\/2026\/03\/mandy-scubich-circle.png\" class=\"elementor-animation-disable-animation attachment-large size-large wp-image-1093\" alt=\"\" srcset=\"https:\/\/beat-drop.com\/wp-content\/uploads\/2026\/03\/mandy-scubich-circle.png 1024w, https:\/\/beat-drop.com\/wp-content\/uploads\/2026\/03\/mandy-scubich-circle-300x300.png 300w, https:\/\/beat-drop.com\/wp-content\/uploads\/2026\/03\/mandy-scubich-circle-150x150.png 150w, https:\/\/beat-drop.com\/wp-content\/uploads\/2026\/03\/mandy-scubich-circle-768x768.png 768w, https:\/\/beat-drop.com\/wp-content\/uploads\/2026\/03\/mandy-scubich-circle-12x12.png 12w\" sizes=\"(max-width: 640px) 100vw, 640px\" \/>                    <\/div>\n                                <div class=\"inner\">\n                    <div class=\"content\">\n                        <h4 class=\"title\">Mandy Scubich<\/h4>\n                                                    <p class=\"designation\">Senior Regulatory Affairs Manager<\/p>\n                                            <\/div>\n                                    <\/div>\n            <\/div>\n        \t\t\t\t<\/div>\n\t\t\t\t<\/div>\n\t\t\t\t<\/div>\n\t\t\t\t\t<\/div>\n\t\t\t\t<\/div>\n\t\t\t\t<\/div>","protected":false},"excerpt":{"rendered":"<p>Ihr Name Ihre E-Mail-Adresse Betreff Ihre Nachricht 5+11=? Ich willige ein, dass diese Website meine \u00fcbermittelten Informationen speichert, sodass meine Anfrage beantwortet werden kann. Kontakt Beat Drop GmbH Knaackstra\u00dfe 5 10405 Berlin E-Mail: info@beat-drop.com Dr. Timo Kr\u00fcger Chief Executive Officer Juliana Obynochnaya Management Coordinator and Marketing Tayfun Sen Chief Operational Officer Mandy Scubich Senior Regulatory Affairs Manager<\/p>","protected":false},"author":1,"featured_media":0,"parent":0,"menu_order":0,"comment_status":"closed","ping_status":"closed","template":"elementor_header_footer","meta":{"_acf_changed":false,"footnotes":""},"class_list":["post-23","page","type-page","status-publish","hentry"],"acf":[],"_links":{"self":[{"href":"https:\/\/beat-drop.com\/en\/wp-json\/wp\/v2\/pages\/23","targetHints":{"allow":["GET"]}}],"collection":[{"href":"https:\/\/beat-drop.com\/en\/wp-json\/wp\/v2\/pages"}],"about":[{"href":"https:\/\/beat-drop.com\/en\/wp-json\/wp\/v2\/types\/page"}],"author":[{"embeddable":true,"href":"https:\/\/beat-drop.com\/en\/wp-json\/wp\/v2\/users\/1"}],"replies":[{"embeddable":true,"href":"https:\/\/beat-drop.com\/en\/wp-json\/wp\/v2\/comments?post=23"}],"version-history":[{"count":62,"href":"https:\/\/beat-drop.com\/en\/wp-json\/wp\/v2\/pages\/23\/revisions"}],"predecessor-version":[{"id":1133,"href":"https:\/\/beat-drop.com\/en\/wp-json\/wp\/v2\/pages\/23\/revisions\/1133"}],"wp:attachment":[{"href":"https:\/\/beat-drop.com\/en\/wp-json\/wp\/v2\/media?parent=23"}],"curies":[{"name":"wp","href":"https:\/\/api.w.org\/{rel}","templated":true}]}}